{"id":5588,"date":"2021-01-14T19:26:36","date_gmt":"2021-01-14T23:26:36","guid":{"rendered":"https:\/\/strateege.com\/veuillez-confirmer-votre-inscription\/"},"modified":"2023-08-02T08:37:20","modified_gmt":"2023-08-02T12:37:20","slug":"veuillez-confirmer-votre-inscription","status":"publish","type":"page","link":"https:\/\/strateege.com\/fr\/veuillez-confirmer-votre-inscription\/","title":{"rendered":"Veuillez confirmer votre inscription"},"content":{"rendered":"<div class=\"container section-title-container\" ><h1 class=\"section-title section-title-center\"><b aria-hidden=\"true\"><\/b><span class=\"section-title-main\" >Merci pour votre int\u00e9r\u00eat \u00e0 notre infolettre<\/span><b aria-hidden=\"true\"><\/b><\/h1><\/div>\n\t<div id=\"text-2171769145\" class=\"text\">\n\t\t\n<h2>Une derni\u00e8re chose \u00e0 faire !<\/h2>\n<p>N\u2019oubliez pas de confirmer votre inscription en confirmant votre adresse courriel dans le courriel que vous allez recevoir.<\/p>\n<p>Veuillez v\u00e9rifier votre dossier de \u00ab spam \u00bb si vous ne voyez pas le courriel dans votre bo\u00eete de r\u00e9ception.<br \/>\n\t\t\n<style>\n#text-2171769145 {\n  text-align: left;\n}\n<\/style>\n\t<\/div>\n\t\n","protected":false},"excerpt":{"rendered":"","protected":false},"author":8,"featured_media":0,"parent":0,"menu_order":0,"comment_status":"closed","ping_status":"closed","template":"","meta":{"footnotes":""},"class_list":["post-5588","page","type-page","status-publish","hentry"],"_links":{"self":[{"href":"https:\/\/strateege.com\/fr\/wp-json\/wp\/v2\/pages\/5588","targetHints":{"allow":["GET"]}}],"collection":[{"href":"https:\/\/strateege.com\/fr\/wp-json\/wp\/v2\/pages"}],"about":[{"href":"https:\/\/strateege.com\/fr\/wp-json\/wp\/v2\/types\/page"}],"author":[{"embeddable":true,"href":"https:\/\/strateege.com\/fr\/wp-json\/wp\/v2\/users\/8"}],"replies":[{"embeddable":true,"href":"https:\/\/strateege.com\/fr\/wp-json\/wp\/v2\/comments?post=5588"}],"version-history":[{"count":0,"href":"https:\/\/strateege.com\/fr\/wp-json\/wp\/v2\/pages\/5588\/revisions"}],"wp:attachment":[{"href":"https:\/\/strateege.com\/fr\/wp-json\/wp\/v2\/media?parent=5588"}],"curies":[{"name":"wp","href":"https:\/\/api.w.org\/{rel}","templated":true}]}}