{"id":5585,"date":"2021-01-14T19:18:45","date_gmt":"2021-01-14T23:18:45","guid":{"rendered":"https:\/\/strateege.com\/merci-de-vous-etre-abonne-a-notre-infolettre\/"},"modified":"2026-03-11T15:26:02","modified_gmt":"2026-03-11T19:26:02","slug":"merci-de-vous-etre-abonne-a-notre-infolettre","status":"publish","type":"page","link":"https:\/\/strateege.com\/fr\/merci-de-vous-etre-abonne-a-notre-infolettre\/","title":{"rendered":"Merci de vous \u00eatre abonn\u00e9 \u00e0 notre infolettre"},"content":{"rendered":"<div class=\"container section-title-container\" ><h1 class=\"section-title section-title-center\"><b aria-hidden=\"true\"><\/b><span class=\"section-title-main\" >Merci de vous \u00eatre abonn\u00e9(e) \u00e0 notre infolettre<\/span><b aria-hidden=\"true\"><\/b><\/h1><\/div>\n<div class=\"row align-center\"  id=\"row-1918403602\">\n\n\t<div id=\"col-1820879247\" class=\"col small-12 large-12\"  >\n\t\t\t\t<div class=\"col-inner text-center\"  >\n\t\t\t\n\t\t\t\n\t<div id=\"text-1061756763\" class=\"text\">\n\t\t\n<p>De temps en temps, nous vous enverrons nos articles les plus populaires.<br \/>\nD\u00e8s maintenant, vous pouvez explorer la <a href=\"https:\/\/strateege.com\/fr\/liste-articles\/\" target=\"_blank\" rel=\"noopener noreferrer\">liste compl\u00e8te de nos articles<\/a>.<\/p>\n<h4>Vous souhaitez de l&rsquo;aide pour vos \u00e9tiquettes alimentaires ?<br \/>\nN&rsquo;h\u00e9sitez pas \u00e0 prendre rendez-vous !<\/h4>\n\t\t\n<style>\n#text-1061756763 {\n  text-align: center;\n}\n<\/style>\n\t<\/div>\n\t\n<a href=\"https:\/\/strateege.com\/fr\/contactez-nous\/\" target=\"_blank\" class=\"button primary\" rel=\"noopener\" style=\"border-radius:99px;\">\n\t\t<span>Contactez-nous<\/span>\n\t<\/a>\n\n\t\t<\/div>\n\t\t\t\t\t<\/div>\n\n\t\n<\/div>\n","protected":false},"excerpt":{"rendered":"","protected":false},"author":8,"featured_media":0,"parent":0,"menu_order":0,"comment_status":"closed","ping_status":"closed","template":"","meta":{"footnotes":""},"class_list":["post-5585","page","type-page","status-publish","hentry"],"_links":{"self":[{"href":"https:\/\/strateege.com\/fr\/wp-json\/wp\/v2\/pages\/5585","targetHints":{"allow":["GET"]}}],"collection":[{"href":"https:\/\/strateege.com\/fr\/wp-json\/wp\/v2\/pages"}],"about":[{"href":"https:\/\/strateege.com\/fr\/wp-json\/wp\/v2\/types\/page"}],"author":[{"embeddable":true,"href":"https:\/\/strateege.com\/fr\/wp-json\/wp\/v2\/users\/8"}],"replies":[{"embeddable":true,"href":"https:\/\/strateege.com\/fr\/wp-json\/wp\/v2\/comments?post=5585"}],"version-history":[{"count":0,"href":"https:\/\/strateege.com\/fr\/wp-json\/wp\/v2\/pages\/5585\/revisions"}],"wp:attachment":[{"href":"https:\/\/strateege.com\/fr\/wp-json\/wp\/v2\/media?parent=5585"}],"curies":[{"name":"wp","href":"https:\/\/api.w.org\/{rel}","templated":true}]}}