{"id":5572,"date":"2017-04-09T17:02:33","date_gmt":"2017-04-09T21:02:33","guid":{"rendered":"https:\/\/strateege.com\/liste-complete-des-articles\/"},"modified":"2026-02-26T11:06:34","modified_gmt":"2026-02-26T15:06:34","slug":"liste-articles","status":"publish","type":"page","link":"https:\/\/strateege.com\/fr\/liste-articles\/","title":{"rendered":"Liste compl\u00e8te des articles"},"content":{"rendered":"<div class=\"container section-title-container\" ><h1 class=\"section-title section-title-center\"><b aria-hidden=\"true\"><\/b><span class=\"section-title-main\" >archives - tous nos articles<\/span><b aria-hidden=\"true\"><\/b><\/h1><\/div>\n<div class=\"row\"  id=\"row-517515038\">\n\n\t<div id=\"col-578698681\" class=\"col medium-1 small-12 large-1\"  >\n\t\t\t\t<div class=\"col-inner\"  >\n\t\t\t\n\t\t\t\n\t\t<\/div>\n\t\t\t\t\t<\/div>\n\n\t\n\n\t<div id=\"col-319460093\" class=\"col medium-8 small-12 large-8\"  >\n\t\t\t\t<div class=\"col-inner\"  >\n\t\t\t\n\t\t\t\n<div class=\"sya_container\" id=\"sya_container\"><a id=\"year2025\"><\/a>2025<ul><li class=\"\"><div class=\"sya_postcontent\"><span class=\"sya_date\"> <span class=\"sya_sep\"> <\/span><\/span><a href=\"https:\/\/strateege.com\/fr\/etiquetage-alimentaire\/etiquetage-aliments-valeurs-nutritives-differences-entre-etats-unis-canada\/\" class=\"sya_postlink post-5692\" rel=\"bookmark\">\u00c9tiquettes alimentaires : Diff\u00e9rences entre les \u00c9tats-Unis et le Canada &#8211; Tableau des valeurs nutritives, ingr\u00e9dients, etc. &#8211; Mises \u00e0 jour 2025<\/a> <span class=\"sya_categories\"><span class=\"sya_bracket\">(<\/span>\u00c9tiquetage alimentaire<span class=\"sya_bracket\">)<\/span><\/span><div style=\"padding-left:20px\" class=\"robots-nocontent\"><cite>Il existe des diff\u00e9rences entre les \u00e9tiquettes alimentaires aux \u00c9tats-Unis et au Canada. Il est important de les conna\u00eetre si vous souhaitez exporter votre produit alimentaire au Canada ou aux \u00c9tats-Unis.<\/cite><\/div><\/div><\/li><\/ul><a id=\"year2023\"><\/a>2023<ul><li class=\"\"><div class=\"sya_postcontent\"><span class=\"sya_date\"> <span class=\"sya_sep\"> <\/span><\/span><a href=\"https:\/\/strateege.com\/fr\/nouvelles-blog\/securite-wordpress-et-woocommerce-2020-statistiques-des-vulnerabilites\/\" class=\"sya_postlink post-5826\" rel=\"bookmark\">S\u00e9curit\u00e9 WordPress et WooCommerce 2020 : Statistiques des vuln\u00e9rabilit\u00e9s<\/a> <span class=\"sya_categories\"><span class=\"sya_bracket\">(<\/span>Nouvelles et blog<span class=\"sya_bracket\">)<\/span><\/span><div style=\"padding-left:20px\" class=\"robots-nocontent\"><cite>Je viens de trouver un article fascinant (en anglais) qui pr\u00e9sente les statistiques 2020 des vuln\u00e9rabilit\u00e9s de WordPress et de WooCommerce (Statistics highlight the biggest source of WordPress vulnerabilities). La s\u00e9curit\u00e9 de votre site WordPress ou de votre site e-commerce est essentielle \u00e0 votre entreprise. Et cette s\u00e9curit\u00e9 peut \u00eatre compromise de nombreuses fa\u00e7ons. Par [...]<\/cite><\/div><\/div><\/li><li class=\"\"><div class=\"sya_postcontent\"><span class=\"sya_date\"> <span class=\"sya_sep\"> <\/span><\/span><a href=\"https:\/\/strateege.com\/fr\/nouvelles-blog\/9-extensions-gratuites-essentielles-ameliorer-securite-wordpress-woocommerce-2021\/\" class=\"sya_postlink post-5808\" rel=\"bookmark\">9 extensions gratuites et essentielles pour am\u00e9liorer la s\u00e9curit\u00e9 de WordPress et WooCommerce &#8211; 2021<\/a> <span class=\"sya_categories\"><span class=\"sya_bracket\">(<\/span>Nouvelles et blog<span class=\"sya_bracket\">)<\/span><\/span><div style=\"padding-left:20px\" class=\"robots-nocontent\"><cite>La s\u00e9curit\u00e9 de votre site WordPress est primordiale. Aujourd\u2019hui nous vous pr\u00e9sentons 9 extensions WordPress essentielles (et gratuites) pour am\u00e9liorer la s\u00e9curit\u00e9 de votre site. Dans nos prochains articles, nous aborderons les autres mesures \u00e0 mettre en place, ainsi que les outils pour tester la s\u00e9curit\u00e9 de votre site internet. Note importante: aucune des suggestions [...]<\/cite><\/div><\/div><\/li><li class=\"\"><div class=\"sya_postcontent\"><span class=\"sya_date\"> <span class=\"sya_sep\"> <\/span><\/span><a href=\"https:\/\/strateege.com\/fr\/nouvelles-blog\/comment-installer-un-serveur-local-et-migrer-un-site-wordpress-facilement\/\" class=\"sya_postlink post-5790\" rel=\"bookmark\">Comment installer un serveur local et migrer un site WordPress facilement<\/a> <span class=\"sya_categories\"><span class=\"sya_bracket\">(<\/span>Nouvelles et blog<span class=\"sya_bracket\">)<\/span><\/span><div style=\"padding-left:20px\" class=\"robots-nocontent\"><cite>Vous \u00eates intimid\u00e9.e \u00e0 l\u2019id\u00e9e d\u2019installer un serveur local et de migrer un site WordPress de votre h\u00e9bergeur \u00e0 votre serveur local? Vous ne devriez pas, car il y a, en fait, une m\u00e9thode tr\u00e8s facile. Voici les \u00e9tapes d\u00e9taill\u00e9es pour le r\u00e9aliser. L\u2019exemple ici est pour un PC. A. Comment installer un serveur local [...]<\/cite><\/div><\/div><\/li><li class=\"\"><div class=\"sya_postcontent\"><span class=\"sya_date\"> <span class=\"sya_sep\"> <\/span><\/span><a href=\"https:\/\/strateege.com\/fr\/etudes-cas\/conception-demballage-alimentaire-reglementaire-canadien-olivias-croutons\/\" class=\"sya_postlink post-5694\" rel=\"bookmark\">Conception d&#8217;emballage alimentaire r\u00e9glementaire canadien : Olivia&rsquo;s Croutons<\/a> <span class=\"sya_categories\"><span class=\"sya_bracket\">(<\/span>\u00c9tiquetage alimentaire, \u00c9tudes de cas<span class=\"sya_bracket\">)<\/span><\/span><div style=\"padding-left:20px\" class=\"robots-nocontent\"><cite>Vermont Company Olivia's Croutons m'a contact\u00e9e parce qu'ils se pr\u00e9paraient \u00e0 exporter au Canada. Ils m'ont mandat\u00e9 pour concevoir et d\u00e9velopper leur emballage alimentaire bilingue conforme \u00e0 la r\u00e9glementation canadienne (design et textes). Cet article pr\u00e9sente tout ce qu\u2019implique un tel projet.<\/cite><\/div><\/div><\/li><li class=\"\"><div class=\"sya_postcontent\"><span class=\"sya_date\"> <span class=\"sya_sep\"> <\/span><\/span><a href=\"https:\/\/strateege.com\/fr\/nouvelles-blog\/200000-revenus-publicitaires-nouveau-blog-12-lecons-a-retenir\/\" class=\"sya_postlink post-5701\" rel=\"bookmark\">200 000 $ de revenus publicitaires avec un \u00ab\u00a0Nouveau blog &#8211; <br>12 le\u00e7ons \u00e0 retenir<\/a> <span class=\"sya_categories\"><span class=\"sya_bracket\">(<\/span>\u00c9tiquetage alimentaire, Nouvelles et blog<span class=\"sya_bracket\">)<\/span><\/span><div style=\"padding-left:20px\" class=\"robots-nocontent\"><cite>Ils disent que ce n\u2019est plus possible d\u2019avoir du succ\u00e8s avec des blogs.\nPourtant, cet article de Business Insider a montr\u00e9 comment quelques amis qui se sont r\u00e9unis et ont lanc\u00e9 un blog de voyage, The Smokies, pas plus tard qu'en avril 2020, ont gagn\u00e9 200 000 $ en revenus passifs (publicit\u00e9) en 2021.<\/cite><\/div><\/div><\/li><\/ul><a id=\"year2022\"><\/a>2022<ul><li class=\"\"><div class=\"sya_postcontent\"><span class=\"sya_date\"> <span class=\"sya_sep\"> <\/span><\/span><a href=\"https:\/\/strateege.com\/fr\/etiquetage-alimentaire\/etiquetage-alimentaire-etats-unis-canada-changements-2016-nouveaux-reglements\/\" class=\"sya_postlink post-5695\" rel=\"bookmark\">\u00c9tiquetage des aliments aux \u00c9tats-Unis et au Canada : Nouveaux r\u00e8glements 2016<\/a> <span class=\"sya_categories\"><span class=\"sya_bracket\">(<\/span>\u00c9tiquetage alimentaire<span class=\"sya_bracket\">)<\/span><\/span><div style=\"padding-left:20px\" class=\"robots-nocontent\"><cite>En 2016, les \u00c9tats-Unis et le Canada ont apport\u00e9 des modifications \u00e0 leurs r\u00e8glements sur l\u2019\u00e9tiquetage des aliments. Cet article explique les modifications apport\u00e9es aux deux r\u00e9glementations.<\/cite><\/div><\/div><\/li><li class=\"\"><div class=\"sya_postcontent\"><span class=\"sya_date\"> <span class=\"sya_sep\"> <\/span><\/span><a href=\"https:\/\/strateege.com\/fr\/etudes-cas\/comment-configurer-la-collecte-sur-place-selon-les-produits-avec-woocommerce\/\" class=\"sya_postlink post-5601\" rel=\"bookmark\">Comment configurer la collecte sur place selon les produits avec WooCommerce<\/a> <span class=\"sya_categories\"><span class=\"sya_bracket\">(<\/span>\u00c9tudes de cas<span class=\"sya_bracket\">)<\/span><\/span><div style=\"padding-left:20px\" class=\"robots-nocontent\"><cite>Auteur : Marine Moceri, blogueuse invit\u00e9e Image: Site Web Citron Press\u00e9 (citronpress\u00e9.com) Dans cet article, nous vous expliquons quelle extension choisir pour cette probl\u00e9matique particuli\u00e8re de d\u00e9finir les lieux de collecte sur place diff\u00e9rents selon les cat\u00e9gories de produits, comment configurer l\u2019extension dans le back office (backend) et comment cela se traduit visuellement pour le [...]<\/cite><\/div><\/div><\/li><\/ul><a id=\"year2020\"><\/a>2020<ul><li class=\"\"><div class=\"sya_postcontent\"><span class=\"sya_date\"> <span class=\"sya_sep\"> <\/span><\/span><a href=\"https:\/\/strateege.com\/fr\/nouvelles-blog\/comment-configurer-woocommerce-pour-les-commandes-a-emporter-et-livraisons-pour-plusieurs-restaurants\/\" class=\"sya_postlink post-5602\" rel=\"bookmark\">Comment configurer WooCommerce pour les commandes \u00e0 emporter et livraisons (pour plusieurs restaurants)<\/a> <span class=\"sya_categories\"><span class=\"sya_bracket\">(<\/span>Nouvelles et blog<span class=\"sya_bracket\">)<\/span><\/span><div style=\"padding-left:20px\" class=\"robots-nocontent\"><cite>Un guide \u00e9tape par \u00e9tape pour cr\u00e9er une boutique WooCommerce pour les plats \u00e0 emporter et la livraison pour un restaurant ou une entreprise d\u2019\u00e9picerie fine ayant plusieurs adresses : extensions, menus, paiements, etc.<\/cite><\/div><\/div><\/li><li class=\"\"><div class=\"sya_postcontent\"><span class=\"sya_date\"> <span class=\"sya_sep\"> <\/span><\/span><a href=\"https:\/\/strateege.com\/fr\/marketing-produits-epicerie-fine\/comment-expedier-denrees-perissables-etudes-emballages-couts\/\" class=\"sya_postlink post-5690\" rel=\"bookmark\">Comment exp\u00e9dier des denr\u00e9es p\u00e9rissables : donn\u00e9es, \u00e9tudes, suggestions d&#8217;emballage et co\u00fbts<\/a> <span class=\"sya_categories\"><span class=\"sya_bracket\">(<\/span>Marketing de produits d'\u00e9picerie fine<span class=\"sya_bracket\">)<\/span><\/span><div style=\"padding-left:20px\" class=\"robots-nocontent\"><cite>Quelle temp\u00e9rature atteint votre colis lors de l'exp\u00e9dition ? Quel emballage devriez-vous utiliser pour exp\u00e9dier des produits sensibles \u00e0 la temp\u00e9rature, des denr\u00e9es p\u00e9rissables et des aliments frais? Comment vous assurer que vos denr\u00e9es alimentaires arrivent \u00e0 destination encore fra\u00eeches et sans \u00eatre abim\u00e9es? Quelle est la meilleure option pour exp\u00e9dier vos denr\u00e9es p\u00e9rissables? Qui est le meilleur exp\u00e9diteur? Quels sont les frais d\u2019exp\u00e9dition des denr\u00e9es p\u00e9rissables?<\/cite><\/div><\/div><\/li><li class=\"\"><div class=\"sya_postcontent\"><span class=\"sya_date\"> <span class=\"sya_sep\"> <\/span><\/span><a href=\"https:\/\/strateege.com\/fr\/etudes-cas\/33-tactiques-marketing-boutique-ligne-alimentaire\/\" class=\"sya_postlink post-5699\" rel=\"bookmark\">33 le\u00e7ons de marketing et de vente tir\u00e9es de la gestion de ma boutique en ligne alimentaire<\/a> <span class=\"sya_categories\"><span class=\"sya_bracket\">(<\/span>\u00c9tudes de cas, Marketing de produits d'\u00e9picerie fine<span class=\"sya_bracket\">)<\/span><\/span><div style=\"padding-left:20px\" class=\"robots-nocontent\"><cite>Pourquoi avoir une boutique en ligne pour des produits alimentaires ? Quelle plateforme de commerce \u00e9lectronique choisir ? Comment concevoir votre boutique en ligne ? Comment en maximiser la performance ? Comment s\u00e9lectionner les produits et fixer les prix ? Comment suivre vos performances de ventes ? Comment avoir plus de trafic et g\u00e9n\u00e9rer plus de ventes ?<\/cite><\/div><\/div><\/li><\/ul><\/div>\n\t\t<\/div>\n\t\t\t\t\t<\/div>\n\n\t\n\n\t<div id=\"col-1345109910\" class=\"col medium-3 small-12 large-3\"  >\n\t\t\t\t<div class=\"col-inner\"  >\n\t\t\t\n\t\t\t\n\t\t<\/div>\n\t\t\t\t\t<\/div>\n\n\t\n<\/div>\n","protected":false},"excerpt":{"rendered":"","protected":false},"author":8,"featured_media":0,"parent":0,"menu_order":0,"comment_status":"closed","ping_status":"closed","template":"","meta":{"footnotes":""},"class_list":["post-5572","page","type-page","status-publish","hentry"],"_links":{"self":[{"href":"https:\/\/strateege.com\/fr\/wp-json\/wp\/v2\/pages\/5572","targetHints":{"allow":["GET"]}}],"collection":[{"href":"https:\/\/strateege.com\/fr\/wp-json\/wp\/v2\/pages"}],"about":[{"href":"https:\/\/strateege.com\/fr\/wp-json\/wp\/v2\/types\/page"}],"author":[{"embeddable":true,"href":"https:\/\/strateege.com\/fr\/wp-json\/wp\/v2\/users\/8"}],"replies":[{"embeddable":true,"href":"https:\/\/strateege.com\/fr\/wp-json\/wp\/v2\/comments?post=5572"}],"version-history":[{"count":0,"href":"https:\/\/strateege.com\/fr\/wp-json\/wp\/v2\/pages\/5572\/revisions"}],"wp:attachment":[{"href":"https:\/\/strateege.com\/fr\/wp-json\/wp\/v2\/media?parent=5572"}],"curies":[{"name":"wp","href":"https:\/\/api.w.org\/{rel}","templated":true}]}}